{"id":108,"date":"2016-04-12T17:59:13","date_gmt":"2016-04-12T17:59:13","guid":{"rendered":"http:\/\/rociodoshermanas.es\/?page_id=108"},"modified":"2016-04-12T17:59:13","modified_gmt":"2016-04-12T17:59:13","slug":"carretas","status":"publish","type":"page","link":"https:\/\/rociodoshermanas.es\/?page_id=108","title":{"rendered":"Carretas"},"content":{"rendered":"<h2 style=\"text-align: center;\"><span style=\"color: #008000;\">Las Carretas de nuestro Bendito Simpecado<\/span><\/h2>\n<p style=\"text-align: justify;\">Podemos contar con patrimonio gr\u00e1fico de la primera carreta que port\u00f3 el Bendito Simpecado, en este caso tambi\u00e9n, el primitivo, se trata de una carreta muy sencilla ala vez que dign\u00edsima y que cumpli\u00f3 con su cometido durante los primeros a\u00f1os de vida de nuestra corporaci\u00f3n, era un carro de mulos con seis toscos varales carentes de adornos algunos, por eso como se puede observar en la fotograf\u00eda, eran profusamente adornados con flores y tuya.<\/p>\n<p style=\"text-align: justify;\">\n<img loading=\"lazy\" decoding=\"async\" class=\"size-full wp-image-91 aligncenter\" src=\"http:\/\/rociodoshermanas.es\/wp-content\/uploads\/2016\/04\/simpecao1.jpg\" alt=\"simpecao1\" width=\"209\" height=\"299\" \/><\/p>\n<h6 style=\"text-align: center;\">Primera Carreta a\u00f1os 1934 Princ.40<\/h6>\n<p style=\"text-align: justify;\">El techo que cobija a la Bendita Insignia Vicaria es de madera revestido con chapa niquelada carente tambi\u00e9n de valor art\u00edstico, como curiosidad esta carreta se bendijo en la ma\u00f1ana que la Hermandad sal\u00eda, momentos antes de subir el Simpecado en su primera romer\u00eda mayo de 1934.<\/p>\n<p style=\"text-align: justify;\"><img loading=\"lazy\" decoding=\"async\" class=\"size-full wp-image-92 aligncenter\" src=\"http:\/\/rociodoshermanas.es\/wp-content\/uploads\/2016\/04\/simpecao2.jpg\" alt=\"simpecao2\" width=\"255\" height=\"219\" \/><\/p>\n<h6 style=\"text-align: center;\">A\u00d1OS 40-1976<\/h6>\n<p style=\"text-align: justify;\">La segunda carreta es la que marcar\u00e1 la fisonom\u00eda actual, singularidad que nos caracteriza y la hace distinta a las dem\u00e1s, est\u00e1 realizada pr\u00e1cticamente en madera de caoba extra\u00edda de las vigas del techo de la primera plaza de abastos de Dos Hermanas.<\/p>\n<p style=\"text-align: justify;\">Empezando por sus faldones, estaban formados por unos marcos de caoba tallados, que albergaban pa\u00f1os de chapa de metal troquelada y plateada en forma de rombos terminando con una art\u00edstica crester\u00eda, haciendo un hermoso conjunto toda la parte baja de la carreta. Siguiendo por la base del caj\u00f3n la alumbraban cuatro candelabros de guardabrisas de cinco velas cada uno, realizados en metal plateado, adornaba la carreta cuatro jarras de metal plateado procedentes de los talleres de Lucena (C\u00f3rdoba), sus seis hermosas columnas esta vez talladas, con unos rosetones a la mitad y con su basamento tambi\u00e9n tallado todo por sus cuatro caras, los adornaban tambi\u00e9n unos querubines con guirnalda en metal plateado, el techo lo formaba una gran cornisa, terminando con la misma crester\u00eda de metal plateado, de la que sal\u00eda el arco de medio punto tan caracter\u00edstico, el interior del techo pintado en verde y con unos marcos de metal plateados terminaban el conjunto.<\/p>\n<p style=\"text-align: justify;\">Esta carreta fue realizada por el ebanista local Miguel Ponce Bancalero, en la primera mitad de los a\u00f1os 40 y la conserva celosamente la hermandad en perfecto estado.<\/p>\n<p style=\"text-align: justify;\"><img loading=\"lazy\" decoding=\"async\" class=\"size-full wp-image-93 aligncenter\" src=\"http:\/\/rociodoshermanas.es\/wp-content\/uploads\/2016\/04\/simpecao3.jpg\" alt=\"simpecao3\" width=\"290\" height=\"218\" \/><\/p>\n<h6 style=\"text-align: center;\">ESTRENADA 1977<\/h6>\n<p style=\"text-align: justify;\">La actual carreta que porta Nuestro Bendito Simpecado, se estren\u00f3 en la romer\u00eda de 1977, siendo hermano mayor D. Antonio Alonso Madue\u00f1o.<\/p>\n<p style=\"text-align: justify;\">Se realiz\u00f3 \u00e9sta, en los prestigiosos talleres de orfebrer\u00eda Juan Fern\u00e1ndez de Sevilla, que como dato curioso, fue la carreta de Dos Hermanas la primera que realizaba dicho taller sevillano.<\/p>\n<p style=\"text-align: justify;\">Esta ejecutada en alpaca plateada, siendo \u00e9sta particular carreta de las pocas que no sostienen su techo los tradicionales varales, sino que estos se cambian por originales y airosas columnas corintias labradas art\u00edsticamente con guirnaldas frutales y florales.<\/p>\n<p style=\"text-align: justify;\">Su techo lo rodea una magnifica cornisa-baldaquino al mas puro estilo barroco sevillano, con un caracter\u00edstico arco de medio punto. En la parte delantera porta un escudo con la dos hermanas Elvira y Estefan\u00eda Nazareno que dan nombre a nuestra ciudad; y en la trasera el mismo escudo con el anagrama de Mar\u00eda, rematando los dos escudos la corona real. Su interior lo forman diecis\u00e9is cuarterones bellamente labrados teniendo cada uno un querub\u00edn en posici\u00f3n de contemplar en al Bendito Simpecado. Su parte exterior es de las mismas caracter\u00edsticas, con la peculiaridad de que en el lugar que ocupaban los querubines, se abren unas magnificas cartelas que contienen en cada una, el escudo de cada hermandad nazarena, en el centro y a modo de remate final alza su vuelo una paloma en representaci\u00f3n a la Tercera Persona de la Sant\u00edsima Trinidad. Adornan el techo ocho jarritas de la cuales dos se colocan en lo mas alto del mencionado techo, dando lugar al singularisimo e inconfundible conjunto que es la carreta de Dos Hermanas, conforman el vuelo de la cornisa doce guirnaldas labradas tambi\u00e9n con motivos florales y frutales; d\u00e1ndole sonido al conjunto seis campanillas.<\/p>\n<p style=\"text-align: justify;\">Describiendo el caj\u00f3n de la carreta, el Simpecado se asienta sobre una peana de plata formada por cuatro grandes volutas que rodean a un gran jarr\u00f3n que sirve de pedestal para la vara del Simpecado.<\/p>\n<p style=\"text-align: justify;\">Seis candelabros alumbran la carreta, cuatro de siete luces cada uno, y dos de tres luces, estando colocados estos \u00faltimos justo delante del Simpecao, est\u00e1n labrados art\u00edsticamente y rematando sus guardabrisas con coronas.<br \/>\nPosee un juego de ocho jarras aunque en la actualidad s\u00f3lo utiliza cuatro, todas ellas labradas en el mismo estilo barroco sevillano guardando as\u00ed la l\u00ednea singular de la carreta.<\/p>\n<p style=\"text-align: justify;\">Para terminar este colosal altar de plata, que es la carreta, para la virgen, cubren su caj\u00f3n porta-insignias, cuatro magn\u00edficos faldones, imitando los respiraderos de un paso de palio totalmente cincelados. En su parte alta la forma una gran moldura, as\u00ed como su parte baja se recorta con forma irregular estando labrados en su totalidad con diversas formas siguiendo la l\u00ednea de la carreta de adornos florales y frutales sobresaliendo unas cartelas de donde asoman sendos querubines.<\/p>\n<p style=\"text-align: justify;\"><img loading=\"lazy\" decoding=\"async\" class=\"size-full wp-image-94 aligncenter\" src=\"http:\/\/rociodoshermanas.es\/wp-content\/uploads\/2016\/04\/simpecao4.jpg\" alt=\"simpecao4\" width=\"221\" height=\"298\" \/><\/p>\n<h6 style=\"text-align: center;\">PRESIDIENDO NUESTRA CASA HDAD<\/h6>\n<p style=\"text-align: justify;\">Adem\u00e1s, esta carreta posee en su parte delantera y a los pies del Bendito Simpecado, una peque\u00f1a imagen de la Sant\u00edsima Virgen de Valme, protectora de la Ciudad de Dos Hermanas, realizada en plata de ley y marfil.<\/p>\n<p style=\"text-align: justify;\">Para engalanar los bueyes que tiran de ella, posee dos frontiles de plata con el escudo de la Hermandad y el nombre de Dos Hermanas, remat\u00e1ndolos la m\u00edtica Torre de los Herberos. As\u00ed como fajines y collares de terciopelo verde adornados con campanillas, que solo se utilizan para la salida, la presentaci\u00f3n oficial y la entrada. Posee tambi\u00e9n otros de camino, consta de frontiles bordados en oro a realce, siendo su dibujo el anagrama de Mar\u00eda con una media luna con estrellas en su parte inferior, siendo este unos de los atributos de la sant\u00edsima virgen; realizados por nuestro hermano, Francisco Gonz\u00e1lez Anguita, tambi\u00e9n posee otros collares de cueros con el escudo de la Hermandad grabado.<\/p>\n","protected":false},"excerpt":{"rendered":"<p>Las Carretas de nuestro Bendito Simpecado Podemos contar con patrimonio gr\u00e1fico de la primera carreta que port\u00f3 el Bendito Simpecado, en este caso tambi\u00e9n, el primitivo, se trata de una carreta muy<a class=\"moretag\" href=\"https:\/\/rociodoshermanas.es\/?page_id=108\">Leer m\u00e1s&#8230;<\/a><\/p>\n","protected":false},"author":1,"featured_media":0,"parent":96,"menu_order":0,"comment_status":"closed","ping_status":"closed","template":"","meta":{"footnotes":""},"class_list":["post-108","page","type-page","status-publish","hentry"],"jetpack_sharing_enabled":true,"jetpack_shortlink":"https:\/\/wp.me\/P8wOBG-1K","_links":{"self":[{"href":"https:\/\/rociodoshermanas.es\/index.php?rest_route=\/wp\/v2\/pages\/108","targetHints":{"allow":["GET"]}}],"collection":[{"href":"https:\/\/rociodoshermanas.es\/index.php?rest_route=\/wp\/v2\/pages"}],"about":[{"href":"https:\/\/rociodoshermanas.es\/index.php?rest_route=\/wp\/v2\/types\/page"}],"author":[{"embeddable":true,"href":"https:\/\/rociodoshermanas.es\/index.php?rest_route=\/wp\/v2\/users\/1"}],"replies":[{"embeddable":true,"href":"https:\/\/rociodoshermanas.es\/index.php?rest_route=%2Fwp%2Fv2%2Fcomments&post=108"}],"version-history":[{"count":1,"href":"https:\/\/rociodoshermanas.es\/index.php?rest_route=\/wp\/v2\/pages\/108\/revisions"}],"predecessor-version":[{"id":109,"href":"https:\/\/rociodoshermanas.es\/index.php?rest_route=\/wp\/v2\/pages\/108\/revisions\/109"}],"up":[{"embeddable":true,"href":"https:\/\/rociodoshermanas.es\/index.php?rest_route=\/wp\/v2\/pages\/96"}],"wp:attachment":[{"href":"https:\/\/rociodoshermanas.es\/index.php?rest_route=%2Fwp%2Fv2%2Fmedia&parent=108"}],"curies":[{"name":"wp","href":"https:\/\/api.w.org\/{rel}","templated":true}]}}