{"id":59,"date":"2016-04-12T17:51:26","date_gmt":"2016-04-12T17:51:26","guid":{"rendered":"http:\/\/rociodoshermanas.es\/?page_id=59"},"modified":"2016-04-12T17:53:16","modified_gmt":"2016-04-12T17:53:16","slug":"simpecados","status":"publish","type":"page","link":"https:\/\/rociodoshermanas.es\/?page_id=59","title":{"rendered":"Simpecados"},"content":{"rendered":"<h2 style=\"text-align: center;\"><span style=\"color: #008000;\">Los Simpecados de nuestra Hermandad<\/span><\/h2>\n<p style=\"text-align: justify;\">El primer Simpecado, de autor desconocido, (1933-1941) era de grandes dimisiones estando solo bordado su per\u00edmetro a hojilla de oro d\u00e1ndole gran vistosidad, con la peculiaridad de que era de terciopelo burdeos, pose\u00eda en el centro una magnifica pintura de la Sant\u00edsima Virgen del Roc\u00edo y que a d\u00eda de hoy se encuentra en paradero desconocido, por desgracia hoy solo podemos conocerlo a trav\u00e9s de varias fotograf\u00edas.<\/p>\n<p style=\"text-align: justify;\">\u00a0<img loading=\"lazy\" decoding=\"async\" class=\"size-medium wp-image-72 aligncenter\" src=\"http:\/\/rociodoshermanas.es\/wp-content\/uploads\/2016\/04\/elsimpecao1-217x300.jpg\" alt=\"elsimpecao1\" width=\"217\" height=\"300\" srcset=\"https:\/\/rociodoshermanas.es\/wp-content\/uploads\/2016\/04\/elsimpecao1-217x300.jpg 217w, https:\/\/rociodoshermanas.es\/wp-content\/uploads\/2016\/04\/elsimpecao1.jpg 324w\" sizes=\"auto, (max-width: 217px) 100vw, 217px\" \/><\/p>\n<p style=\"text-align: center;\">FOTO PRIMITIVO<\/p>\n<p style=\"text-align: justify;\">El Simpecado que posee en la actualidad la Hermandad data del a\u00f1o 1941 obra del insigne taller de bordados sevillano de do\u00f1a Esperanza Elena Caro, con dise\u00f1o original\u00edsimo del que fuera Hno. Mayor de la Hermandad D. Jos\u00e9 M. P\u00e9rez Iborra, es una obra portentosa realizada al mas puro estilo sevillano cuenta con una imagen de talla policromada con ricas prendas bordadas de la Sant\u00edsima Virgen del Roc\u00edo realizada por el polifac\u00e9tico orfebre Emilio Garc\u00eda Armenta, posee dicha imagen atributos(r\u00e1faga, corona, cetro, corona del ni\u00f1o y nube con querubines de marfil) en plata de ley obra tambi\u00e9n de dicho autor, teniendo otro juego completo de atributos y nube, \u00e9ste de oro, obra del maestro de la orfebrer\u00eda don Fernando Marmolejo Camargo y que son lo que tiene habitualmente, la virgen se rodea por una orla que alterna el bordado en oro fino de hojilla con piedras preciosas .<\/p>\n<p style=\"text-align: justify;\">Fue restaurado y enriquecido en los talleres del bordador don Jos\u00e9 G. Carrasquilla, en el a\u00f1o 1979, aport\u00e1ndole \u00e9sta, aun mas si cab\u00eda, mayor realce ala obra. La \u00faltima restauraci\u00f3n llevada acabo fue en el a\u00f1o 2007 por el prestigioso taller astigitano de D. Jes\u00fas Rosado consistiendo \u00e9sta, en su pasado a nuevo terciopelo y limpieza del conjunto, restaur\u00e1ndose la Virgen en el taller de los Hijos de Fernando Marmolejo.<\/p>\n<p style=\"text-align: justify;\">Como dato curioso cabe destacar el magnifico y extenso \u00abajuar\u00bb de joyas que posee nuestro Simpecado Bendito, todas donadas a lo largo de la historia por numeros\u00edsimos devotos y que siempre quedaran el anonimato, \u00e9stas solo las luce en sus salidas (romer\u00eda y 8 de diciembre) y en sus cultos.<\/p>\n<p style=\"text-align: center;\"><img loading=\"lazy\" decoding=\"async\" class=\"alignnone size-medium wp-image-73\" src=\"http:\/\/rociodoshermanas.es\/wp-content\/uploads\/2016\/04\/elsimpecao2-201x300.jpg\" alt=\"elsimpecao2\" width=\"201\" height=\"300\" srcset=\"https:\/\/rociodoshermanas.es\/wp-content\/uploads\/2016\/04\/elsimpecao2-201x300.jpg 201w, https:\/\/rociodoshermanas.es\/wp-content\/uploads\/2016\/04\/elsimpecao2.jpg 300w\" sizes=\"auto, (max-width: 201px) 100vw, 201px\" \/><\/p>\n<p style=\"text-align: center;\">FOTO (ACTUAL)<\/p>\n","protected":false},"excerpt":{"rendered":"<p>Los Simpecados de nuestra Hermandad El primer Simpecado, de autor desconocido, (1933-1941) era de grandes dimisiones estando solo bordado su per\u00edmetro a hojilla de oro d\u00e1ndole gran vistosidad, con la peculiaridad de<a class=\"moretag\" href=\"https:\/\/rociodoshermanas.es\/?page_id=59\">Leer m\u00e1s&#8230;<\/a><\/p>\n","protected":false},"author":1,"featured_media":0,"parent":96,"menu_order":0,"comment_status":"closed","ping_status":"closed","template":"","meta":{"jetpack_post_was_ever_published":false,"footnotes":""},"class_list":["post-59","page","type-page","status-publish","hentry"],"jetpack_sharing_enabled":true,"jetpack_shortlink":"https:\/\/wp.me\/P8wOBG-X","_links":{"self":[{"href":"https:\/\/rociodoshermanas.es\/index.php?rest_route=\/wp\/v2\/pages\/59","targetHints":{"allow":["GET"]}}],"collection":[{"href":"https:\/\/rociodoshermanas.es\/index.php?rest_route=\/wp\/v2\/pages"}],"about":[{"href":"https:\/\/rociodoshermanas.es\/index.php?rest_route=\/wp\/v2\/types\/page"}],"author":[{"embeddable":true,"href":"https:\/\/rociodoshermanas.es\/index.php?rest_route=\/wp\/v2\/users\/1"}],"replies":[{"embeddable":true,"href":"https:\/\/rociodoshermanas.es\/index.php?rest_route=%2Fwp%2Fv2%2Fcomments&post=59"}],"version-history":[{"count":1,"href":"https:\/\/rociodoshermanas.es\/index.php?rest_route=\/wp\/v2\/pages\/59\/revisions"}],"predecessor-version":[{"id":95,"href":"https:\/\/rociodoshermanas.es\/index.php?rest_route=\/wp\/v2\/pages\/59\/revisions\/95"}],"up":[{"embeddable":true,"href":"https:\/\/rociodoshermanas.es\/index.php?rest_route=\/wp\/v2\/pages\/96"}],"wp:attachment":[{"href":"https:\/\/rociodoshermanas.es\/index.php?rest_route=%2Fwp%2Fv2%2Fmedia&parent=59"}],"curies":[{"name":"wp","href":"https:\/\/api.w.org\/{rel}","templated":true}]}}