{"id":988,"date":"2016-04-12T21:52:54","date_gmt":"2016-04-12T21:52:54","guid":{"rendered":"http:\/\/rociodoshermanas.es\/?page_id=988"},"modified":"2016-04-12T21:55:52","modified_gmt":"2016-04-12T21:55:52","slug":"solicitud-de-hermano","status":"publish","type":"page","link":"https:\/\/rociodoshermanas.es\/?page_id=988","title":{"rendered":"Solicitud de Hermano"},"content":{"rendered":"<h2 style=\"text-align: center;\"><span style=\"color: #008000;\">Solicitud de Hermano<\/span><\/h2>\n<p style=\"text-align: justify;\">Todas las personas que deseen pertenecer a nuestra Hermandad deber\u00e1n rellenar el impreso oficial establecido al efecto que pueden retirar en la Secretar\u00eda de nuestra Hermandad, o descargar el documento pdf y entregarlo en la Secretar\u00eda acompa\u00f1ado de su correspondiente Partida Bautismal.<\/p>\n<p><a href=\"http:\/\/rociodoshermanas.es\/wp-content\/uploads\/2016\/04\/SOLICITUD_DE_HERMANO.pdf\"><img loading=\"lazy\" decoding=\"async\" class=\"aligncenter size-full wp-image-53\" src=\"http:\/\/rociodoshermanas.es\/wp-content\/uploads\/2016\/04\/escudo_descarga.png\" alt=\"escudo_descarga\" width=\"99\" height=\"100\" \/><\/a><\/p>\n<p style=\"text-align: center;\">Descargar la Solicitud<\/p>\n<p style=\"text-align: center;\">\n<p style=\"text-align: center;\">\n","protected":false},"excerpt":{"rendered":"<p>Solicitud de Hermano Todas las personas que deseen pertenecer a nuestra Hermandad deber\u00e1n rellenar el impreso oficial establecido al efecto que pueden retirar en la Secretar\u00eda de nuestra Hermandad, o descargar el<a class=\"moretag\" href=\"https:\/\/rociodoshermanas.es\/?page_id=988\">Leer m\u00e1s&#8230;<\/a><\/p>\n","protected":false},"author":1,"featured_media":0,"parent":986,"menu_order":0,"comment_status":"closed","ping_status":"closed","template":"","meta":{"footnotes":""},"class_list":["post-988","page","type-page","status-publish","hentry"],"jetpack_sharing_enabled":true,"jetpack_shortlink":"https:\/\/wp.me\/P8wOBG-fW","_links":{"self":[{"href":"https:\/\/rociodoshermanas.es\/index.php?rest_route=\/wp\/v2\/pages\/988","targetHints":{"allow":["GET"]}}],"collection":[{"href":"https:\/\/rociodoshermanas.es\/index.php?rest_route=\/wp\/v2\/pages"}],"about":[{"href":"https:\/\/rociodoshermanas.es\/index.php?rest_route=\/wp\/v2\/types\/page"}],"author":[{"embeddable":true,"href":"https:\/\/rociodoshermanas.es\/index.php?rest_route=\/wp\/v2\/users\/1"}],"replies":[{"embeddable":true,"href":"https:\/\/rociodoshermanas.es\/index.php?rest_route=%2Fwp%2Fv2%2Fcomments&post=988"}],"version-history":[{"count":3,"href":"https:\/\/rociodoshermanas.es\/index.php?rest_route=\/wp\/v2\/pages\/988\/revisions"}],"predecessor-version":[{"id":992,"href":"https:\/\/rociodoshermanas.es\/index.php?rest_route=\/wp\/v2\/pages\/988\/revisions\/992"}],"up":[{"embeddable":true,"href":"https:\/\/rociodoshermanas.es\/index.php?rest_route=\/wp\/v2\/pages\/986"}],"wp:attachment":[{"href":"https:\/\/rociodoshermanas.es\/index.php?rest_route=%2Fwp%2Fv2%2Fmedia&parent=988"}],"curies":[{"name":"wp","href":"https:\/\/api.w.org\/{rel}","templated":true}]}}