{"id":993,"date":"2016-04-12T22:00:36","date_gmt":"2016-04-12T22:00:36","guid":{"rendered":"http:\/\/rociodoshermanas.es\/?page_id=993"},"modified":"2016-04-12T22:00:36","modified_gmt":"2016-04-12T22:00:36","slug":"cambio-domiciliacion-de-cuota","status":"publish","type":"page","link":"https:\/\/rociodoshermanas.es\/?page_id=993","title":{"rendered":"Cambio Domiciliaci\u00f3n de Cuota"},"content":{"rendered":"<p style=\"text-align: justify;\">Todos los hermanos\u00a0que deseen solicitar el cambio de su domiciliaci\u00f3n de cuota, deber\u00e1n rellenar el impreso oficial establecido al efecto que puede retirar en la Secretar\u00eda de nuestra Hermandad, o descargar el documento <strong>pdf<\/strong> y entregarlo en la Secretar\u00eda.<\/p>\n<p style=\"text-align: justify;\"><a href=\"http:\/\/rociodoshermanas.es\/wp-content\/uploads\/2016\/04\/CAMBIO_DE_COBRO_DE_CUOTA.pdf\"><img loading=\"lazy\" decoding=\"async\" class=\"aligncenter size-full wp-image-53\" src=\"http:\/\/rociodoshermanas.es\/wp-content\/uploads\/2016\/04\/escudo_descarga.png\" alt=\"escudo_descarga\" width=\"99\" height=\"100\" \/><\/a><\/p>\n<p style=\"text-align: center;\">Descargar la Solicitud<\/p>\n","protected":false},"excerpt":{"rendered":"<p>Todos los hermanos\u00a0que deseen solicitar el cambio de su domiciliaci\u00f3n de cuota, deber\u00e1n rellenar el impreso oficial establecido al efecto que puede retirar en la Secretar\u00eda de nuestra Hermandad, o descargar el<a class=\"moretag\" href=\"https:\/\/rociodoshermanas.es\/?page_id=993\">Leer m\u00e1s&#8230;<\/a><\/p>\n","protected":false},"author":1,"featured_media":0,"parent":986,"menu_order":0,"comment_status":"closed","ping_status":"closed","template":"","meta":{"jetpack_post_was_ever_published":false,"footnotes":""},"class_list":["post-993","page","type-page","status-publish","hentry"],"jetpack_sharing_enabled":true,"jetpack_shortlink":"https:\/\/wp.me\/P8wOBG-g1","_links":{"self":[{"href":"https:\/\/rociodoshermanas.es\/index.php?rest_route=\/wp\/v2\/pages\/993","targetHints":{"allow":["GET"]}}],"collection":[{"href":"https:\/\/rociodoshermanas.es\/index.php?rest_route=\/wp\/v2\/pages"}],"about":[{"href":"https:\/\/rociodoshermanas.es\/index.php?rest_route=\/wp\/v2\/types\/page"}],"author":[{"embeddable":true,"href":"https:\/\/rociodoshermanas.es\/index.php?rest_route=\/wp\/v2\/users\/1"}],"replies":[{"embeddable":true,"href":"https:\/\/rociodoshermanas.es\/index.php?rest_route=%2Fwp%2Fv2%2Fcomments&post=993"}],"version-history":[{"count":1,"href":"https:\/\/rociodoshermanas.es\/index.php?rest_route=\/wp\/v2\/pages\/993\/revisions"}],"predecessor-version":[{"id":1000,"href":"https:\/\/rociodoshermanas.es\/index.php?rest_route=\/wp\/v2\/pages\/993\/revisions\/1000"}],"up":[{"embeddable":true,"href":"https:\/\/rociodoshermanas.es\/index.php?rest_route=\/wp\/v2\/pages\/986"}],"wp:attachment":[{"href":"https:\/\/rociodoshermanas.es\/index.php?rest_route=%2Fwp%2Fv2%2Fmedia&parent=993"}],"curies":[{"name":"wp","href":"https:\/\/api.w.org\/{rel}","templated":true}]}}